{"id":8881,"date":"2023-01-17T23:29:41","date_gmt":"2023-01-18T05:29:41","guid":{"rendered":"https:\/\/gobalcostamaya.com\/thank-you-mail\/"},"modified":"2023-06-30T18:03:27","modified_gmt":"2023-07-01T00:03:27","slug":"thank-you-mail","status":"publish","type":"page","link":"https:\/\/gobalcostamaya.com\/fr\/thank-you-mail\/","title":{"rendered":"Thank you Mail"},"content":{"rendered":"\t\t<div data-elementor-type=\"wp-page\" data-elementor-id=\"8881\" class=\"elementor elementor-8881 elementor-7938\" data-elementor-post-type=\"page\">\n\t\t\t\t\t\t<section class=\"elementor-section elementor-top-section elementor-element elementor-element-f6059c5 elementor-section-height-min-height elementor-section-full_width elementor-section-height-default elementor-section-items-middle\" data-id=\"f6059c5\" data-element_type=\"section\" data-e-type=\"section\" data-settings=\"{&quot;jet_parallax_layout_list&quot;:[],&quot;background_background&quot;:&quot;classic&quot;}\">\n\t\t\t\t\t\t\t<div class=\"elementor-background-overlay\"><\/div>\n\t\t\t\t\t\t\t<div class=\"elementor-container elementor-column-gap-no\">\n\t\t\t\t\t<div class=\"elementor-column elementor-col-50 elementor-top-column elementor-element elementor-element-0c1c85a\" data-id=\"0c1c85a\" data-element_type=\"column\" data-e-type=\"column\" data-settings=\"{&quot;background_background&quot;:&quot;classic&quot;}\">\n\t\t\t<div class=\"elementor-widget-wrap elementor-element-populated\">\n\t\t\t\t\t\t<div class=\"elementor-element elementor-element-8e12c34 elementor-hidden-desktop elementor-hidden-tablet elementor-hidden-laptop elementor-widget elementor-widget-image\" data-id=\"8e12c34\" data-element_type=\"widget\" data-e-type=\"widget\" data-widget_type=\"image.default\">\n\t\t\t\t<div class=\"elementor-widget-container\">\n\t\t\t\t\t\t\t\t\t\t\t\t\t\t\t<img fetchpriority=\"high\" decoding=\"async\" width=\"1920\" height=\"1080\" src=\"https:\/\/gobalcostamaya.com\/wp-content\/uploads\/2023\/01\/Artboard-1.jpg\" class=\"attachment-full size-full wp-image-8714\" alt=\"\" srcset=\"https:\/\/gobalcostamaya.com\/wp-content\/uploads\/2023\/01\/Artboard-1.jpg 1920w, https:\/\/gobalcostamaya.com\/wp-content\/uploads\/2023\/01\/Artboard-1-300x169.jpg 300w, https:\/\/gobalcostamaya.com\/wp-content\/uploads\/2023\/01\/Artboard-1-1024x576.jpg 1024w, https:\/\/gobalcostamaya.com\/wp-content\/uploads\/2023\/01\/Artboard-1-768x432.jpg 768w, https:\/\/gobalcostamaya.com\/wp-content\/uploads\/2023\/01\/Artboard-1-1536x864.jpg 1536w\" sizes=\"(max-width: 1920px) 100vw, 1920px\" \/>\t\t\t\t\t\t\t\t\t\t\t\t\t\t\t<\/div>\n\t\t\t\t<\/div>\n\t\t\t\t\t<\/div>\n\t\t<\/div>\n\t\t\t\t<div class=\"elementor-column elementor-col-50 elementor-top-column elementor-element elementor-element-e92ac82\" data-id=\"e92ac82\" data-element_type=\"column\" data-e-type=\"column\">\n\t\t\t<div class=\"elementor-widget-wrap elementor-element-populated\">\n\t\t\t\t\t\t<div class=\"elementor-element elementor-element-8e38d05 elementor-widget elementor-widget-heading\" data-id=\"8e38d05\" data-element_type=\"widget\" data-e-type=\"widget\" data-widget_type=\"heading.default\">\n\t\t\t\t<div class=\"elementor-widget-container\">\n\t\t\t\t\t<h4 class=\"elementor-heading-title elementor-size-default\">R\u00e9sidences Gobal:<br>Nous vendons des terrains, des r\u00e9sidences et des meubles<\/h4>\t\t\t\t<\/div>\n\t\t\t\t<\/div>\n\t\t\t\t<div class=\"elementor-element elementor-element-d946437 elementor-widget elementor-widget-heading\" data-id=\"d946437\" data-element_type=\"widget\" data-e-type=\"widget\" data-widget_type=\"heading.default\">\n\t\t\t\t<div class=\"elementor-widget-container\">\n\t\t\t\t\t<h4 class=\"elementor-heading-title elementor-size-default\">Situ\u00e9 \u00e0 Costa Maya et Los Cabos<\/h4>\t\t\t\t<\/div>\n\t\t\t\t<\/div>\n\t\t\t\t<div class=\"elementor-element elementor-element-beea09d elementor-widget elementor-widget-heading\" data-id=\"beea09d\" data-element_type=\"widget\" data-e-type=\"widget\" data-widget_type=\"heading.default\">\n\t\t\t\t<div class=\"elementor-widget-container\">\n\t\t\t\t\t<h4 class=\"elementor-heading-title elementor-size-default\">Votre vie parfaite au bord de la mer<\/h4>\t\t\t\t<\/div>\n\t\t\t\t<\/div>\n\t\t\t\t<div class=\"elementor-element elementor-element-4f42a11 elementor-widget elementor-widget-heading\" data-id=\"4f42a11\" data-element_type=\"widget\" data-e-type=\"widget\" data-widget_type=\"heading.default\">\n\t\t\t\t<div class=\"elementor-widget-container\">\n\t\t\t\t\t<div class=\"elementor-heading-title elementor-size-default\"><a href=\"https:\/\/gobalcostamaya.com\/privacy-policy\/\">Avis de confidentialit\u00e9 de Gobal Construcciones S.A. de C.V.<\/a><\/div>\t\t\t\t<\/div>\n\t\t\t\t<\/div>\n\t\t\t\t<div class=\"elementor-element elementor-element-9877535 elementor-widget elementor-widget-heading\" data-id=\"9877535\" data-element_type=\"widget\" data-e-type=\"widget\" data-widget_type=\"heading.default\">\n\t\t\t\t<div class=\"elementor-widget-container\">\n\t\t\t\t\t<div class=\"elementor-heading-title elementor-size-default\"><a href=\"https:\/\/gobalcostamaya.com\/terms-and-conditions\/\">Conditions d'utilisation du site web de Gobal Costa Maya<\/a><\/div>\t\t\t\t<\/div>\n\t\t\t\t<\/div>\n\t\t\t\t<div class=\"elementor-element elementor-element-7ee5f43 elementor-shape-rounded elementor-grid-0 e-grid-align-center elementor-widget elementor-widget-social-icons\" data-id=\"7ee5f43\" data-element_type=\"widget\" data-e-type=\"widget\" data-widget_type=\"social-icons.default\">\n\t\t\t\t<div class=\"elementor-widget-container\">\n\t\t\t\t\t\t\t<div class=\"elementor-social-icons-wrapper elementor-grid\" role=\"list\">\n\t\t\t\t\t\t\t<span class=\"elementor-grid-item\" role=\"listitem\">\n\t\t\t\t\t<a class=\"elementor-icon elementor-social-icon elementor-social-icon-facebook elementor-animation-grow elementor-repeater-item-ea0e649\" href=\"https:\/\/www.facebook.com\/gobalcostamayafra\" target=\"_blank\">\n\t\t\t\t\t\t<span class=\"elementor-screen-only\">Facebook<\/span>\n\t\t\t\t\t\t<i aria-hidden=\"true\" class=\"fab fa-facebook\"><\/i>\t\t\t\t\t<\/a>\n\t\t\t\t<\/span>\n\t\t\t\t\t\t\t<span class=\"elementor-grid-item\" role=\"listitem\">\n\t\t\t\t\t<a class=\"elementor-icon elementor-social-icon elementor-social-icon-instagram elementor-animation-grow elementor-repeater-item-d0bea57\" href=\"https:\/\/www.instagram.com\/gobalcostamayafr\/\" target=\"_blank\">\n\t\t\t\t\t\t<span class=\"elementor-screen-only\">Instagram<\/span>\n\t\t\t\t\t\t<i aria-hidden=\"true\" class=\"fab fa-instagram\"><\/i>\t\t\t\t\t<\/a>\n\t\t\t\t<\/span>\n\t\t\t\t\t\t\t<span class=\"elementor-grid-item\" role=\"listitem\">\n\t\t\t\t\t<a class=\"elementor-icon elementor-social-icon elementor-social-icon-youtube elementor-animation-grow elementor-repeater-item-8008af7\" href=\"https:\/\/www.youtube.com\/channel\/UCqRPAcmtS-KGhMr8pYmvrwA\" target=\"_blank\">\n\t\t\t\t\t\t<span class=\"elementor-screen-only\">Youtube<\/span>\n\t\t\t\t\t\t<i aria-hidden=\"true\" class=\"fab fa-youtube\"><\/i>\t\t\t\t\t<\/a>\n\t\t\t\t<\/span>\n\t\t\t\t\t\t\t<span class=\"elementor-grid-item\" role=\"listitem\">\n\t\t\t\t\t<a class=\"elementor-icon elementor-social-icon elementor-social-icon-whatsapp elementor-animation-grow elementor-repeater-item-ce2b449\" href=\"https:\/\/api.whatsapp.com\/send\/?phone=+13313116634&#038;text&#038;type=phone_number&#038;app_absent=0\" target=\"_blank\">\n\t\t\t\t\t\t<span class=\"elementor-screen-only\">Whatsapp<\/span>\n\t\t\t\t\t\t<i aria-hidden=\"true\" class=\"fab fa-whatsapp\"><\/i>\t\t\t\t\t<\/a>\n\t\t\t\t<\/span>\n\t\t\t\t\t\t\t<span class=\"elementor-grid-item\" role=\"listitem\">\n\t\t\t\t\t<a class=\"elementor-icon elementor-social-icon elementor-social-icon-envelope elementor-animation-grow elementor-repeater-item-22ea403\" href=\"mailto:ventas.fr@gobalcostamaya.com\" target=\"_blank\">\n\t\t\t\t\t\t<span class=\"elementor-screen-only\">Envelope<\/span>\n\t\t\t\t\t\t<i aria-hidden=\"true\" class=\"fas fa-envelope\"><\/i>\t\t\t\t\t<\/a>\n\t\t\t\t<\/span>\n\t\t\t\t\t<\/div>\n\t\t\t\t\t\t<\/div>\n\t\t\t\t<\/div>\n\t\t\t\t<div class=\"elementor-element elementor-element-5e002a2 elementor-mobile-align-center elementor-align-center elementor-icon-list--layout-traditional elementor-list-item-link-full_width elementor-widget elementor-widget-icon-list\" data-id=\"5e002a2\" data-element_type=\"widget\" data-e-type=\"widget\" data-widget_type=\"icon-list.default\">\n\t\t\t\t<div class=\"elementor-widget-container\">\n\t\t\t\t\t\t\t<ul class=\"elementor-icon-list-items\">\n\t\t\t\t\t\t\t<li class=\"elementor-icon-list-item\">\n\t\t\t\t\t\t\t\t\t\t\t<a href=\"mailto:ventas.fr@gobalcostamaya.com\" target=\"_blank\">\n\n\t\t\t\t\t\t\t\t\t\t\t\t<span class=\"elementor-icon-list-icon\">\n\t\t\t\t\t\t\t<i aria-hidden=\"true\" class=\"fas fa-envelope\"><\/i>\t\t\t\t\t\t<\/span>\n\t\t\t\t\t\t\t\t\t\t<span class=\"elementor-icon-list-text\">ventas.fr@gobalcostamaya.com<\/span>\n\t\t\t\t\t\t\t\t\t\t\t<\/a>\n\t\t\t\t\t\t\t\t\t<\/li>\n\t\t\t\t\t\t\t\t<li class=\"elementor-icon-list-item\">\n\t\t\t\t\t\t\t\t\t\t\t<a href=\"https:\/\/api.whatsapp.com\/send\/?phone=+13313116634&#038;text&#038;type=phone_number&#038;app_absent=0\" target=\"_blank\">\n\n\t\t\t\t\t\t\t\t\t\t\t\t<span class=\"elementor-icon-list-icon\">\n\t\t\t\t\t\t\t<i aria-hidden=\"true\" class=\"fab fa-whatsapp\"><\/i>\t\t\t\t\t\t<\/span>\n\t\t\t\t\t\t\t\t\t\t<span class=\"elementor-icon-list-text\">+1 (331) 311 6634<\/span>\n\t\t\t\t\t\t\t\t\t\t\t<\/a>\n\t\t\t\t\t\t\t\t\t<\/li>\n\t\t\t\t\t\t<\/ul>\n\t\t\t\t\t\t<\/div>\n\t\t\t\t<\/div>\n\t\t\t\t\t<\/div>\n\t\t<\/div>\n\t\t\t\t\t<\/div>\n\t\t<\/section>\n\t\t\t\t<\/div>\n\t\t","protected":false},"excerpt":{"rendered":"<p>R\u00e9sidences Gobal:Nous vendons des terrains, des r\u00e9sidences et des meubles Situ\u00e9 \u00e0 Costa Maya et Los Cabos Votre vie parfaite au bord de la mer Avis de confidentialit\u00e9 de Gobal Construcciones S.A. de C.V. Conditions d&rsquo;utilisation du site web de Gobal Costa Maya Facebook Instagram Youtube Whatsapp Envelope ventas.fr@gobalcostamaya.com +1 (331) 311 6634<\/p>\n","protected":false},"author":1,"featured_media":0,"parent":0,"menu_order":0,"comment_status":"closed","ping_status":"closed","template":"","meta":{"site-sidebar-layout":"no-sidebar","site-content-layout":"page-builder","ast-site-content-layout":"default","site-content-style":"default","site-sidebar-style":"default","ast-global-header-display":"","ast-banner-title-visibility":"","ast-main-header-display":"","ast-hfb-above-header-display":"","ast-hfb-below-header-display":"","ast-hfb-mobile-header-display":"","site-post-title":"disabled","ast-breadcrumbs-content":"","ast-featured-img":"disabled","footer-sml-layout":"","ast-disable-related-posts":"","theme-transparent-header-meta":"default","adv-header-id-meta":"","stick-header-meta":"","header-above-stick-meta":"","header-main-stick-meta":"","header-below-stick-meta":"","astra-migrate-meta-layouts":"default","ast-page-background-enabled":"default","ast-page-background-meta":{"desktop":{"background-color":"var(--ast-global-color-4)","background-image":"","background-repeat":"repeat","background-position":"center center","background-size":"auto","background-attachment":"scroll","background-type":"","background-media":"","overlay-type":"","overlay-color":"","overlay-opacity":"","overlay-gradient":""},"tablet":{"background-color":"","background-image":"","background-repeat":"repeat","background-position":"center center","background-size":"auto","background-attachment":"scroll","background-type":"","background-media":"","overlay-type":"","overlay-color":"","overlay-opacity":"","overlay-gradient":""},"mobile":{"background-color":"","background-image":"","background-repeat":"repeat","background-position":"center center","background-size":"auto","background-attachment":"scroll","background-type":"","background-media":"","overlay-type":"","overlay-color":"","overlay-opacity":"","overlay-gradient":""}},"ast-content-background-meta":{"desktop":{"background-color":"var(--ast-global-color-5)","background-image":"","background-repeat":"repeat","background-position":"center center","background-size":"auto","background-attachment":"scroll","background-type":"","background-media":"","overlay-type":"","overlay-color":"","overlay-opacity":"","overlay-gradient":""},"tablet":{"background-color":"var(--ast-global-color-5)","background-image":"","background-repeat":"repeat","background-position":"center center","background-size":"auto","background-attachment":"scroll","background-type":"","background-media":"","overlay-type":"","overlay-color":"","overlay-opacity":"","overlay-gradient":""},"mobile":{"background-color":"var(--ast-global-color-5)","background-image":"","background-repeat":"repeat","background-position":"center center","background-size":"auto","background-attachment":"scroll","background-type":"","background-media":"","overlay-type":"","overlay-color":"","overlay-opacity":"","overlay-gradient":""}},"footnotes":""},"class_list":["post-8881","page","type-page","status-publish","hentry"],"yoast_head":"<!-- This site is optimized with the Yoast SEO plugin v25.6 - https:\/\/yoast.com\/wordpress\/plugins\/seo\/ -->\n<title>Thank you Mail - Gobal Costa Maya<\/title>\n<meta name=\"robots\" content=\"index, follow, max-snippet:-1, max-image-preview:large, max-video-preview:-1\" \/>\n<link rel=\"canonical\" href=\"https:\/\/gobalcostamaya.com\/fr\/thank-you-mail\/\" \/>\n<meta property=\"og:locale\" content=\"fr_FR\" \/>\n<meta property=\"og:type\" content=\"article\" \/>\n<meta property=\"og:title\" content=\"Thank you Mail - Gobal Costa Maya\" \/>\n<meta property=\"og:description\" content=\"R\u00e9sidences Gobal:Nous vendons des terrains, des r\u00e9sidences et des meubles Situ\u00e9 \u00e0 Costa Maya et Los Cabos Votre vie parfaite au bord de la mer Avis de confidentialit\u00e9 de Gobal Construcciones S.A. de C.V. Conditions d&rsquo;utilisation du site web de Gobal Costa Maya Facebook Instagram Youtube Whatsapp Envelope ventas.fr@gobalcostamaya.com +1 (331) 311 6634\" \/>\n<meta property=\"og:url\" content=\"https:\/\/gobalcostamaya.com\/fr\/thank-you-mail\/\" \/>\n<meta property=\"og:site_name\" content=\"Gobal Costa Maya\" \/>\n<meta property=\"article:modified_time\" content=\"2023-07-01T00:03:27+00:00\" \/>\n<meta property=\"og:image\" content=\"https:\/\/gobalcostamaya.com\/wp-content\/uploads\/2023\/01\/Artboard-1.jpg\" \/>\n<meta name=\"twitter:card\" content=\"summary_large_image\" \/>\n<meta name=\"twitter:label1\" content=\"Dur\u00e9e de lecture estim\u00e9e\" \/>\n\t<meta name=\"twitter:data1\" content=\"1 minute\" \/>\n<script type=\"application\/ld+json\" class=\"yoast-schema-graph\">{\"@context\":\"https:\/\/schema.org\",\"@graph\":[{\"@type\":\"WebPage\",\"@id\":\"https:\/\/gobalcostamaya.com\/fr\/thank-you-mail\/\",\"url\":\"https:\/\/gobalcostamaya.com\/fr\/thank-you-mail\/\",\"name\":\"Thank you Mail - Gobal Costa Maya\",\"isPartOf\":{\"@id\":\"https:\/\/gobalcostamaya.com\/fr\/#website\"},\"primaryImageOfPage\":{\"@id\":\"https:\/\/gobalcostamaya.com\/fr\/thank-you-mail\/#primaryimage\"},\"image\":{\"@id\":\"https:\/\/gobalcostamaya.com\/fr\/thank-you-mail\/#primaryimage\"},\"thumbnailUrl\":\"https:\/\/gobalcostamaya.com\/wp-content\/uploads\/2023\/01\/Artboard-1.jpg\",\"datePublished\":\"2023-01-18T05:29:41+00:00\",\"dateModified\":\"2023-07-01T00:03:27+00:00\",\"breadcrumb\":{\"@id\":\"https:\/\/gobalcostamaya.com\/fr\/thank-you-mail\/#breadcrumb\"},\"inLanguage\":\"fr-FR\",\"potentialAction\":[{\"@type\":\"ReadAction\",\"target\":[\"https:\/\/gobalcostamaya.com\/fr\/thank-you-mail\/\"]}]},{\"@type\":\"ImageObject\",\"inLanguage\":\"fr-FR\",\"@id\":\"https:\/\/gobalcostamaya.com\/fr\/thank-you-mail\/#primaryimage\",\"url\":\"https:\/\/gobalcostamaya.com\/wp-content\/uploads\/2023\/01\/Artboard-1.jpg\",\"contentUrl\":\"https:\/\/gobalcostamaya.com\/wp-content\/uploads\/2023\/01\/Artboard-1.jpg\"},{\"@type\":\"BreadcrumbList\",\"@id\":\"https:\/\/gobalcostamaya.com\/fr\/thank-you-mail\/#breadcrumb\",\"itemListElement\":[{\"@type\":\"ListItem\",\"position\":1,\"name\":\"Inicio\",\"item\":\"https:\/\/gobalcostamaya.com\/fr\/\"},{\"@type\":\"ListItem\",\"position\":2,\"name\":\"Thank you Mail\"}]},{\"@type\":\"WebSite\",\"@id\":\"https:\/\/gobalcostamaya.com\/fr\/#website\",\"url\":\"https:\/\/gobalcostamaya.com\/fr\/\",\"name\":\"Gobal Costa Maya\",\"description\":\"\",\"potentialAction\":[{\"@type\":\"SearchAction\",\"target\":{\"@type\":\"EntryPoint\",\"urlTemplate\":\"https:\/\/gobalcostamaya.com\/fr\/?s={search_term_string}\"},\"query-input\":{\"@type\":\"PropertyValueSpecification\",\"valueRequired\":true,\"valueName\":\"search_term_string\"}}],\"inLanguage\":\"fr-FR\"}]}<\/script>\n<!-- \/ Yoast SEO plugin. -->","yoast_head_json":{"title":"Thank you Mail - Gobal Costa Maya","robots":{"index":"index","follow":"follow","max-snippet":"max-snippet:-1","max-image-preview":"max-image-preview:large","max-video-preview":"max-video-preview:-1"},"canonical":"https:\/\/gobalcostamaya.com\/fr\/thank-you-mail\/","og_locale":"fr_FR","og_type":"article","og_title":"Thank you Mail - Gobal Costa Maya","og_description":"R\u00e9sidences Gobal:Nous vendons des terrains, des r\u00e9sidences et des meubles Situ\u00e9 \u00e0 Costa Maya et Los Cabos Votre vie parfaite au bord de la mer Avis de confidentialit\u00e9 de Gobal Construcciones S.A. de C.V. Conditions d&rsquo;utilisation du site web de Gobal Costa Maya Facebook Instagram Youtube Whatsapp Envelope ventas.fr@gobalcostamaya.com +1 (331) 311 6634","og_url":"https:\/\/gobalcostamaya.com\/fr\/thank-you-mail\/","og_site_name":"Gobal Costa Maya","article_modified_time":"2023-07-01T00:03:27+00:00","og_image":[{"url":"https:\/\/gobalcostamaya.com\/wp-content\/uploads\/2023\/01\/Artboard-1.jpg","type":"","width":"","height":""}],"twitter_card":"summary_large_image","twitter_misc":{"Dur\u00e9e de lecture estim\u00e9e":"1 minute"},"schema":{"@context":"https:\/\/schema.org","@graph":[{"@type":"WebPage","@id":"https:\/\/gobalcostamaya.com\/fr\/thank-you-mail\/","url":"https:\/\/gobalcostamaya.com\/fr\/thank-you-mail\/","name":"Thank you Mail - Gobal Costa Maya","isPartOf":{"@id":"https:\/\/gobalcostamaya.com\/fr\/#website"},"primaryImageOfPage":{"@id":"https:\/\/gobalcostamaya.com\/fr\/thank-you-mail\/#primaryimage"},"image":{"@id":"https:\/\/gobalcostamaya.com\/fr\/thank-you-mail\/#primaryimage"},"thumbnailUrl":"https:\/\/gobalcostamaya.com\/wp-content\/uploads\/2023\/01\/Artboard-1.jpg","datePublished":"2023-01-18T05:29:41+00:00","dateModified":"2023-07-01T00:03:27+00:00","breadcrumb":{"@id":"https:\/\/gobalcostamaya.com\/fr\/thank-you-mail\/#breadcrumb"},"inLanguage":"fr-FR","potentialAction":[{"@type":"ReadAction","target":["https:\/\/gobalcostamaya.com\/fr\/thank-you-mail\/"]}]},{"@type":"ImageObject","inLanguage":"fr-FR","@id":"https:\/\/gobalcostamaya.com\/fr\/thank-you-mail\/#primaryimage","url":"https:\/\/gobalcostamaya.com\/wp-content\/uploads\/2023\/01\/Artboard-1.jpg","contentUrl":"https:\/\/gobalcostamaya.com\/wp-content\/uploads\/2023\/01\/Artboard-1.jpg"},{"@type":"BreadcrumbList","@id":"https:\/\/gobalcostamaya.com\/fr\/thank-you-mail\/#breadcrumb","itemListElement":[{"@type":"ListItem","position":1,"name":"Inicio","item":"https:\/\/gobalcostamaya.com\/fr\/"},{"@type":"ListItem","position":2,"name":"Thank you Mail"}]},{"@type":"WebSite","@id":"https:\/\/gobalcostamaya.com\/fr\/#website","url":"https:\/\/gobalcostamaya.com\/fr\/","name":"Gobal Costa Maya","description":"","potentialAction":[{"@type":"SearchAction","target":{"@type":"EntryPoint","urlTemplate":"https:\/\/gobalcostamaya.com\/fr\/?s={search_term_string}"},"query-input":{"@type":"PropertyValueSpecification","valueRequired":true,"valueName":"search_term_string"}}],"inLanguage":"fr-FR"}]}},"_links":{"self":[{"href":"https:\/\/gobalcostamaya.com\/fr\/wp-json\/wp\/v2\/pages\/8881","targetHints":{"allow":["GET"]}}],"collection":[{"href":"https:\/\/gobalcostamaya.com\/fr\/wp-json\/wp\/v2\/pages"}],"about":[{"href":"https:\/\/gobalcostamaya.com\/fr\/wp-json\/wp\/v2\/types\/page"}],"author":[{"embeddable":true,"href":"https:\/\/gobalcostamaya.com\/fr\/wp-json\/wp\/v2\/users\/1"}],"replies":[{"embeddable":true,"href":"https:\/\/gobalcostamaya.com\/fr\/wp-json\/wp\/v2\/comments?post=8881"}],"version-history":[{"count":30,"href":"https:\/\/gobalcostamaya.com\/fr\/wp-json\/wp\/v2\/pages\/8881\/revisions"}],"predecessor-version":[{"id":24565,"href":"https:\/\/gobalcostamaya.com\/fr\/wp-json\/wp\/v2\/pages\/8881\/revisions\/24565"}],"wp:attachment":[{"href":"https:\/\/gobalcostamaya.com\/fr\/wp-json\/wp\/v2\/media?parent=8881"}],"curies":[{"name":"wp","href":"https:\/\/api.w.org\/{rel}","templated":true}]}}